{"id":5,"date":"2021-08-20T22:03:31","date_gmt":"2021-08-20T22:03:31","guid":{"rendered":"https:\/\/ead.ceneducacional.com.br\/?page_id=3"},"modified":"2023-02-07T10:04:34","modified_gmt":"2023-02-07T13:04:34","slug":"politica-de-privacidade","status":"publish","type":"page","link":"https:\/\/ead.ceneducacional.com.br\/en\/politica-de-privacidade\/","title":{"rendered":"Politica de Privacidade"},"content":{"rendered":"<div data-elementor-type=\"wp-page\" data-elementor-id=\"5\" class=\"elementor elementor-5\" data-elementor-settings=\"{&quot;element_pack_global_tooltip_width&quot;:{&quot;unit&quot;:&quot;px&quot;,&quot;size&quot;:&quot;&quot;,&quot;sizes&quot;:[]},&quot;element_pack_global_tooltip_width_tablet&quot;:{&quot;unit&quot;:&quot;px&quot;,&quot;size&quot;:&quot;&quot;,&quot;sizes&quot;:[]},&quot;element_pack_global_tooltip_width_mobile&quot;:{&quot;unit&quot;:&quot;px&quot;,&quot;size&quot;:&quot;&quot;,&quot;sizes&quot;:[]},&quot;element_pack_global_tooltip_padding&quot;:{&quot;unit&quot;:&quot;px&quot;,&quot;top&quot;:&quot;&quot;,&quot;right&quot;:&quot;&quot;,&quot;bottom&quot;:&quot;&quot;,&quot;left&quot;:&quot;&quot;,&quot;isLinked&quot;:true},&quot;element_pack_global_tooltip_padding_tablet&quot;:{&quot;unit&quot;:&quot;px&quot;,&quot;top&quot;:&quot;&quot;,&quot;right&quot;:&quot;&quot;,&quot;bottom&quot;:&quot;&quot;,&quot;left&quot;:&quot;&quot;,&quot;isLinked&quot;:true},&quot;element_pack_global_tooltip_padding_mobile&quot;:{&quot;unit&quot;:&quot;px&quot;,&quot;top&quot;:&quot;&quot;,&quot;right&quot;:&quot;&quot;,&quot;bottom&quot;:&quot;&quot;,&quot;left&quot;:&quot;&quot;,&quot;isLinked&quot;:true},&quot;element_pack_global_tooltip_border_radius&quot;:{&quot;unit&quot;:&quot;px&quot;,&quot;top&quot;:&quot;&quot;,&quot;right&quot;:&quot;&quot;,&quot;bottom&quot;:&quot;&quot;,&quot;left&quot;:&quot;&quot;,&quot;isLinked&quot;:true},&quot;element_pack_global_tooltip_border_radius_tablet&quot;:{&quot;unit&quot;:&quot;px&quot;,&quot;top&quot;:&quot;&quot;,&quot;right&quot;:&quot;&quot;,&quot;bottom&quot;:&quot;&quot;,&quot;left&quot;:&quot;&quot;,&quot;isLinked&quot;:true},&quot;element_pack_global_tooltip_border_radius_mobile&quot;:{&quot;unit&quot;:&quot;px&quot;,&quot;top&quot;:&quot;&quot;,&quot;right&quot;:&quot;&quot;,&quot;bottom&quot;:&quot;&quot;,&quot;left&quot;:&quot;&quot;,&quot;isLinked&quot;:true}}\" data-elementor-post-type=\"page\">\n\t\t\t\t\t\t<section class=\"elementor-section elementor-top-section elementor-element elementor-element-cebb80e elementor-section-height-min-height elementor-section-boxed elementor-section-height-default elementor-section-items-middle\" data-id=\"cebb80e\" data-element_type=\"section\" data-settings=\"{&quot;background_background&quot;:&quot;gradient&quot;}\">\n\t\t\t\t\t\t<div class=\"elementor-container elementor-column-gap-default\">\n\t\t\t\t\t<div class=\"elementor-column elementor-col-100 elementor-top-column elementor-element elementor-element-d417bae\" data-id=\"d417bae\" data-element_type=\"column\">\n\t\t\t<div class=\"elementor-widget-wrap elementor-element-populated\">\n\t\t\t\t\t\t<div class=\"elementor-element elementor-element-c2ee89b elementor-widget__width-auto elementor-widget elementor-widget-heading\" data-id=\"c2ee89b\" data-element_type=\"widget\" data-widget_type=\"heading.default\">\n\t\t\t\t<div class=\"elementor-widget-container\">\n\t\t\t\t\t<h2 class=\"elementor-heading-title elementor-size-default\">Privacidade<\/h2>\t\t\t\t<\/div>\n\t\t\t\t<\/div>\n\t\t\t\t<div class=\"elementor-element elementor-element-0820363 elementor-widget elementor-widget-heading\" data-id=\"0820363\" data-element_type=\"widget\" data-widget_type=\"heading.default\">\n\t\t\t\t<div class=\"elementor-widget-container\">\n\t\t\t\t\t<h1 class=\"elementor-heading-title elementor-size-default\"><span>Pol\u00edticas de<br>\n <font color=\"#F26E2D\"> \nPrivacidade\n<\/font> <\/span><\/h1>\t\t\t\t<\/div>\n\t\t\t\t<\/div>\n\t\t\t\t\t<\/div>\n\t\t<\/div>\n\t\t\t\t\t<\/div>\n\t\t<\/section>\n\t\t\t\t<section class=\"elementor-section elementor-top-section elementor-element elementor-element-5205078 elementor-section-boxed elementor-section-height-default elementor-section-height-default\" data-id=\"5205078\" data-element_type=\"section\">\n\t\t\t\t\t\t<div class=\"elementor-container elementor-column-gap-default\">\n\t\t\t\t\t<div class=\"elementor-column elementor-col-100 elementor-top-column elementor-element elementor-element-4a830f3\" data-id=\"4a830f3\" data-element_type=\"column\">\n\t\t\t<div class=\"elementor-widget-wrap elementor-element-populated\">\n\t\t\t\t\t\t<div class=\"elementor-element elementor-element-ac4297c elementor-widget elementor-widget-text-editor\" data-id=\"ac4297c\" data-element_type=\"widget\" data-widget_type=\"text-editor.default\">\n\t\t\t\t<div class=\"elementor-widget-container\">\n\t\t\t\t\t\t\t\t\t<h2>Pol\u00edtica de privacidade<\/h2><h3>atualizada pela \u00faltima vez em 07 de fevereiro de 2023<\/h3><h3>Data efetiva 02 de dezembro de 2022<\/h3><div>\u00a0<\/div><p class=\"privacy-policy-p\">Esta Pol\u00edtica de Privacidade descreve as pol\u00edticas do CENTRO EDUCACIONAL DO NORTE, Av.\u00a0almirante Barroso, Pass.\u00a0Cora\u00e7\u00e3o de Jesus, N\u00b0455b ao lado da Loja Di Casa., Par\u00e1 66645-001, Brasil, e-mail: comercial@ceneducacional.com.br, fone: 91991882017 sobre a coleta, uso e divulga\u00e7\u00e3o de suas informa\u00e7\u00f5es que coletamos quando voc\u00ea utilize nosso site ( https:\/\/ead.ceneducacional.com.br ).\u00a0(o servi\u00e7o&#8221;).\u00a0Ao acessar ou usar o Servi\u00e7o, voc\u00ea concorda com a coleta, uso e divulga\u00e7\u00e3o de suas informa\u00e7\u00f5es de acordo com esta Pol\u00edtica de Privacidade.\u00a0Se voc\u00ea n\u00e3o consentir com o mesmo, por favor, n\u00e3o acesse ou use o Servi\u00e7o.<\/p><p class=\"privacy-policy-p\">Podemos modificar esta Pol\u00edtica de Privacidade a qualquer momento sem aviso pr\u00e9vio e publicaremos a Pol\u00edtica de Privacidade revisada no Servi\u00e7o.\u00a0A Pol\u00edtica revisada entrar\u00e1 em vigor 180 dias a partir de quando a Pol\u00edtica revisada for publicada no Servi\u00e7o e seu acesso ou uso cont\u00ednuo do Servi\u00e7o ap\u00f3s esse per\u00edodo constituir\u00e1 sua aceita\u00e7\u00e3o da Pol\u00edtica de Privacidade revisada.\u00a0Portanto, recomendamos que voc\u00ea revise periodicamente esta p\u00e1gina.<\/p><h3><u>INFORMA\u00c7\u00d5ES QUE COLETAMOS:<\/u><\/h3><div>\u00a0<\/div><p class=\"privacy-policy-p\">Coletaremos e processaremos as seguintes informa\u00e7\u00f5es pessoais sobre voc\u00ea:<\/p><ol><li style=\"list-style-type: none;\"><ol class=\"privacy-policy-ol\"><li>Nome<\/li><li>E-mail<\/li><li>Telefone<\/li><li>Endere\u00e7o<\/li><\/ol><\/li><\/ol><h3><u>COMO USAMOS SUAS INFORMA\u00c7\u00d5ES:<\/u><\/h3><div><u>\u00a0<\/u><\/div><p class=\"privacy-policy-p\">Usaremos as informa\u00e7\u00f5es que coletamos sobre voc\u00ea para os seguintes fins:<\/p><ol class=\"privacy-policy-ol\"><li>Criando conta de usu\u00e1rio<\/li><li>Coment\u00e1rios de usu\u00e1rio para usu\u00e1rio<\/li><\/ol><p class=\"privacy-policy-p\">Se quisermos usar suas informa\u00e7\u00f5es para qualquer outra finalidade, solicitaremos seu consentimento e usaremos suas informa\u00e7\u00f5es somente ao receber seu consentimento e, ent\u00e3o, apenas para a(s) finalidade(s) para a qual concedemos consentimento, a menos que sejamos obrigados a fazer o contr\u00e1rio por lei.<\/p><h3><u>RETEN\u00c7\u00c3O DE SUAS INFORMA\u00c7\u00d5ES:<\/u><\/h3><div>\u00a0<\/div><p class=\"privacy-policy-p\">Reteremos suas informa\u00e7\u00f5es pessoais conosco por 90 dias a 2 anos ap\u00f3s as contas de usu\u00e1rio permanecerem ociosas ou pelo tempo que precisarmos para cumprir os prop\u00f3sitos para os quais foram coletadas, conforme detalhado nesta Pol\u00edtica de Privacidade.\u00a0Podemos precisar reter certas informa\u00e7\u00f5es por per\u00edodos mais longos, como manuten\u00e7\u00e3o de registros \/ relat\u00f3rios de acordo com a lei aplic\u00e1vel ou por outros motivos leg\u00edtimos, como aplica\u00e7\u00e3o de direitos legais, preven\u00e7\u00e3o de fraudes, etc. Informa\u00e7\u00f5es an\u00f4nimas residuais e informa\u00e7\u00f5es agregadas, nenhuma das quais identifica voc\u00ea (direta ou indiretamente), podem ser armazenados indefinidamente.<\/p><h3><u>SEUS DIREITOS:<\/u><\/h3><div>\u00a0<\/div><p class=\"privacy-policy-p\">Dependendo da lei aplic\u00e1vel, voc\u00ea pode ter o direito de acessar e retificar ou apagar seus dados pessoais ou receber uma c\u00f3pia de seus dados pessoais, restringir ou se opor ao processamento ativo de seus dados, pe\u00e7a-nos para compartilhar (portar) seus dados pessoais informa\u00e7\u00f5es a outra entidade, retirar qualquer consentimento que voc\u00ea nos forneceu para processar seus dados, o direito de apresentar uma reclama\u00e7\u00e3o a uma autoridade legal e outros direitos que possam ser relevantes de acordo com as leis aplic\u00e1veis.\u00a0Para exercer esses direitos, escreva para comercial@ceneducacional.com.br.\u00a0Responderemos \u00e0 sua solicita\u00e7\u00e3o de acordo com a lei aplic\u00e1vel.<\/p><p class=\"privacy-policy-p\">Observe que, se voc\u00ea n\u00e3o nos permitir coletar ou processar as informa\u00e7\u00f5es pessoais necess\u00e1rias ou retirar o consentimento para processar as mesmas para os fins exigidos, talvez voc\u00ea n\u00e3o consiga acessar ou usar os servi\u00e7os para os quais suas informa\u00e7\u00f5es foram solicitadas.<\/p><h3><u>COOKIES ETC.<\/u><\/h3><div>\u00a0<\/div><p class=\"privacy-policy-p\">Para saber mais sobre como usamos isso e suas escolhas em rela\u00e7\u00e3o a essas tecnologias de rastreamento, consulte nossa\u00a0<a href=\"https:\/\/ead.ceneducacional.com.br\/en\/\">Pol\u00edtica de Cookies.<\/a><\/p><h3><u>SEGURAN\u00c7A:<\/u><\/h3><div>\u00a0<\/div><p class=\"privacy-policy-p\">A seguran\u00e7a de suas informa\u00e7\u00f5es \u00e9 importante para n\u00f3s e usaremos medidas de seguran\u00e7a razo\u00e1veis para evitar a perda, uso indevido ou altera\u00e7\u00e3o n\u00e3o autorizada de suas informa\u00e7\u00f5es sob nosso controle.\u00a0No entanto, dados os riscos inerentes, n\u00e3o podemos garantir a seguran\u00e7a absoluta e, consequentemente, n\u00e3o podemos garantir ou garantir a seguran\u00e7a de qualquer informa\u00e7\u00e3o que nos transmita e f\u00e1-lo por sua conta e risco.<\/p><h3><u>DIRETOR DE RECLAMA\u00c7\u00d5ES\/PROTE\u00c7\u00c3O DE DADOS:<\/u><\/h3><div><u>\u00a0<\/u><\/div><p class=\"privacy-policy-p\">Se voc\u00ea tiver alguma d\u00favida ou preocupa\u00e7\u00e3o sobre o processamento de suas informa\u00e7\u00f5es que est\u00e3o dispon\u00edveis conosco, envie um e-mail para o nosso Oficial de Reclama\u00e7\u00f5es no CENTRO EDUCACIONAL DO NORTE, Av.\u00a0almirante Barroso, Pass.\u00a0Cora\u00e7\u00e3o de Jesus, N\u00b0455b ao lado da Loja Di Casa., email: comercial@ceneducacional.com.br.\u00a0Abordaremos suas preocupa\u00e7\u00f5es de acordo com a lei aplic\u00e1vel.<\/p>\t\t\t\t\t\t\t\t<\/div>\n\t\t\t\t<\/div>\n\t\t\t\t\t<\/div>\n\t\t<\/div>\n\t\t\t\t\t<\/div>\n\t\t<\/section>\n\t\t\t\t<\/div>","protected":false},"excerpt":{"rendered":"<p>Privacidade Pol\u00edticas de Privacidade Pol\u00edtica de privacidade atualizada pela \u00faltima vez em 07 de fevereiro de 2023 Data efetiva 02 de dezembro de 2022 \u00a0 Esta Pol\u00edtica de Privacidade descreve as pol\u00edticas do CENTRO EDUCACIONAL DO NORTE, Av.\u00a0almirante Barroso, Pass.\u00a0Cora\u00e7\u00e3o de Jesus, N\u00b0455b ao lado da Loja Di Casa., Par\u00e1 66645-001, Brasil, e-mail: comercial@ceneducacional.com.br, fone: [&hellip;]<\/p>","protected":false},"author":1,"featured_media":0,"parent":0,"menu_order":5,"comment_status":"closed","ping_status":"open","template":"","meta":{"site-sidebar-layout":"default","site-content-layout":"default","ast-site-content-layout":"","site-content-style":"default","site-sidebar-style":"default","ast-global-header-display":"","ast-banner-title-visibility":"","ast-main-header-display":"","ast-hfb-above-header-display":"","ast-hfb-below-header-display":"","ast-hfb-mobile-header-display":"","site-post-title":"","ast-breadcrumbs-content":"","ast-featured-img":"","footer-sml-layout":"","theme-transparent-header-meta":"","adv-header-id-meta":"","stick-header-meta":"","header-above-stick-meta":"","header-main-stick-meta":"","header-below-stick-meta":"","astra-migrate-meta-layouts":"default","ast-page-background-enabled":"default","ast-page-background-meta":{"desktop":{"background-color":"","background-image":"","background-repeat":"repeat","background-position":"center center","background-size":"auto","background-attachment":"scroll","background-type":"","background-media":"","overlay-type":"","overlay-color":"","overlay-opacity":"","overlay-gradient":""},"tablet":{"background-color":"","background-image":"","background-repeat":"repeat","background-position":"center center","background-size":"auto","background-attachment":"scroll","background-type":"","background-media":"","overlay-type":"","overlay-color":"","overlay-opacity":"","overlay-gradient":""},"mobile":{"background-color":"","background-image":"","background-repeat":"repeat","background-position":"center center","background-size":"auto","background-attachment":"scroll","background-type":"","background-media":"","overlay-type":"","overlay-color":"","overlay-opacity":"","overlay-gradient":""}},"ast-content-background-meta":{"desktop":{"background-color":"var(--ast-global-color-5)","background-image":"","background-repeat":"repeat","background-position":"center center","background-size":"auto","background-attachment":"scroll","background-type":"","background-media":"","overlay-type":"","overlay-color":"","overlay-opacity":"","overlay-gradient":""},"tablet":{"background-color":"var(--ast-global-color-5)","background-image":"","background-repeat":"repeat","background-position":"center center","background-size":"auto","background-attachment":"scroll","background-type":"","background-media":"","overlay-type":"","overlay-color":"","overlay-opacity":"","overlay-gradient":""},"mobile":{"background-color":"var(--ast-global-color-5)","background-image":"","background-repeat":"repeat","background-position":"center center","background-size":"auto","background-attachment":"scroll","background-type":"","background-media":"","overlay-type":"","overlay-color":"","overlay-opacity":"","overlay-gradient":""}},"footnotes":""},"class_list":["post-5","page","type-page","status-publish","hentry"],"yoast_head":"<!-- This site is optimized with the Yoast SEO plugin v24.1 - https:\/\/yoast.com\/wordpress\/plugins\/seo\/ -->\n<title>Politica de Privacidade - CEN Educacional<\/title>\n<meta name=\"robots\" content=\"index, follow, max-snippet:-1, max-image-preview:large, max-video-preview:-1\" \/>\n<link rel=\"canonical\" href=\"https:\/\/ead.ceneducacional.com.br\/en\/politica-de-privacidade\/\" \/>\n<meta property=\"og:locale\" content=\"en_US\" \/>\n<meta property=\"og:type\" content=\"article\" \/>\n<meta property=\"og:title\" content=\"Politica de Privacidade - CEN Educacional\" \/>\n<meta property=\"og:description\" content=\"Privacidade Pol\u00edticas de Privacidade Pol\u00edtica de privacidade atualizada pela \u00faltima vez em 07 de fevereiro de 2023 Data efetiva 02 de dezembro de 2022 \u00a0 Esta Pol\u00edtica de Privacidade descreve as pol\u00edticas do CENTRO EDUCACIONAL DO NORTE, Av.\u00a0almirante Barroso, Pass.\u00a0Cora\u00e7\u00e3o de Jesus, N\u00b0455b ao lado da Loja Di Casa., Par\u00e1 66645-001, Brasil, e-mail: comercial@ceneducacional.com.br, fone: [&hellip;]\" \/>\n<meta property=\"og:url\" content=\"https:\/\/ead.ceneducacional.com.br\/en\/politica-de-privacidade\/\" \/>\n<meta property=\"og:site_name\" content=\"CEN Educacional\" \/>\n<meta property=\"article:modified_time\" content=\"2023-02-07T13:04:34+00:00\" \/>\n<meta name=\"twitter:card\" content=\"summary_large_image\" \/>\n<meta name=\"twitter:label1\" content=\"Est. reading time\" \/>\n\t<meta name=\"twitter:data1\" content=\"4 minutes\" \/>\n<script type=\"application\/ld+json\" class=\"yoast-schema-graph\">{\"@context\":\"https:\/\/schema.org\",\"@graph\":[{\"@type\":\"WebPage\",\"@id\":\"https:\/\/ead.ceneducacional.com.br\/politica-de-privacidade\/\",\"url\":\"https:\/\/ead.ceneducacional.com.br\/politica-de-privacidade\/\",\"name\":\"Politica de Privacidade - CEN Educacional\",\"isPartOf\":{\"@id\":\"https:\/\/ead.ceneducacional.com.br\/#website\"},\"datePublished\":\"2021-08-20T22:03:31+00:00\",\"dateModified\":\"2023-02-07T13:04:34+00:00\",\"breadcrumb\":{\"@id\":\"https:\/\/ead.ceneducacional.com.br\/politica-de-privacidade\/#breadcrumb\"},\"inLanguage\":\"en-US\",\"potentialAction\":[{\"@type\":\"ReadAction\",\"target\":[\"https:\/\/ead.ceneducacional.com.br\/politica-de-privacidade\/\"]}]},{\"@type\":\"BreadcrumbList\",\"@id\":\"https:\/\/ead.ceneducacional.com.br\/politica-de-privacidade\/#breadcrumb\",\"itemListElement\":[{\"@type\":\"ListItem\",\"position\":1,\"name\":\"In\u00edcio\",\"item\":\"https:\/\/ead.ceneducacional.com.br\/\"},{\"@type\":\"ListItem\",\"position\":2,\"name\":\"Politica de Privacidade\"}]},{\"@type\":\"WebSite\",\"@id\":\"https:\/\/ead.ceneducacional.com.br\/#website\",\"url\":\"https:\/\/ead.ceneducacional.com.br\/\",\"name\":\"CEN Educacional\",\"description\":\"Centro Educacional do Norte\",\"publisher\":{\"@id\":\"https:\/\/ead.ceneducacional.com.br\/#organization\"},\"potentialAction\":[{\"@type\":\"SearchAction\",\"target\":{\"@type\":\"EntryPoint\",\"urlTemplate\":\"https:\/\/ead.ceneducacional.com.br\/?s={search_term_string}\"},\"query-input\":{\"@type\":\"PropertyValueSpecification\",\"valueRequired\":true,\"valueName\":\"search_term_string\"}}],\"inLanguage\":\"en-US\"},{\"@type\":\"Organization\",\"@id\":\"https:\/\/ead.ceneducacional.com.br\/#organization\",\"name\":\"CEN Educacional\",\"url\":\"https:\/\/ead.ceneducacional.com.br\/\",\"logo\":{\"@type\":\"ImageObject\",\"inLanguage\":\"en-US\",\"@id\":\"https:\/\/ead.ceneducacional.com.br\/#\/schema\/logo\/image\/\",\"url\":\"https:\/\/ead.ceneducacional.com.br\/wp-content\/uploads\/2022\/04\/Logo-CEN-05.svg\",\"contentUrl\":\"https:\/\/ead.ceneducacional.com.br\/wp-content\/uploads\/2022\/04\/Logo-CEN-05.svg\",\"width\":4181.12,\"height\":1436.62,\"caption\":\"CEN Educacional\"},\"image\":{\"@id\":\"https:\/\/ead.ceneducacional.com.br\/#\/schema\/logo\/image\/\"}}]}<\/script>\n<!-- \/ Yoast SEO plugin. -->","yoast_head_json":{"title":"Politica de Privacidade - CEN Educacional","robots":{"index":"index","follow":"follow","max-snippet":"max-snippet:-1","max-image-preview":"max-image-preview:large","max-video-preview":"max-video-preview:-1"},"canonical":"https:\/\/ead.ceneducacional.com.br\/en\/politica-de-privacidade\/","og_locale":"en_US","og_type":"article","og_title":"Politica de Privacidade - CEN Educacional","og_description":"Privacidade Pol\u00edticas de Privacidade Pol\u00edtica de privacidade atualizada pela \u00faltima vez em 07 de fevereiro de 2023 Data efetiva 02 de dezembro de 2022 \u00a0 Esta Pol\u00edtica de Privacidade descreve as pol\u00edticas do CENTRO EDUCACIONAL DO NORTE, Av.\u00a0almirante Barroso, Pass.\u00a0Cora\u00e7\u00e3o de Jesus, N\u00b0455b ao lado da Loja Di Casa., Par\u00e1 66645-001, Brasil, e-mail: comercial@ceneducacional.com.br, fone: [&hellip;]","og_url":"https:\/\/ead.ceneducacional.com.br\/en\/politica-de-privacidade\/","og_site_name":"CEN Educacional","article_modified_time":"2023-02-07T13:04:34+00:00","twitter_card":"summary_large_image","twitter_misc":{"Est. reading time":"4 minutes"},"schema":{"@context":"https:\/\/schema.org","@graph":[{"@type":"WebPage","@id":"https:\/\/ead.ceneducacional.com.br\/politica-de-privacidade\/","url":"https:\/\/ead.ceneducacional.com.br\/politica-de-privacidade\/","name":"Politica de Privacidade - CEN Educacional","isPartOf":{"@id":"https:\/\/ead.ceneducacional.com.br\/#website"},"datePublished":"2021-08-20T22:03:31+00:00","dateModified":"2023-02-07T13:04:34+00:00","breadcrumb":{"@id":"https:\/\/ead.ceneducacional.com.br\/politica-de-privacidade\/#breadcrumb"},"inLanguage":"en-US","potentialAction":[{"@type":"ReadAction","target":["https:\/\/ead.ceneducacional.com.br\/politica-de-privacidade\/"]}]},{"@type":"BreadcrumbList","@id":"https:\/\/ead.ceneducacional.com.br\/politica-de-privacidade\/#breadcrumb","itemListElement":[{"@type":"ListItem","position":1,"name":"In\u00edcio","item":"https:\/\/ead.ceneducacional.com.br\/"},{"@type":"ListItem","position":2,"name":"Politica de Privacidade"}]},{"@type":"WebSite","@id":"https:\/\/ead.ceneducacional.com.br\/#website","url":"https:\/\/ead.ceneducacional.com.br\/","name":"CEN Educacional","description":"Centro Educacional do Norte","publisher":{"@id":"https:\/\/ead.ceneducacional.com.br\/#organization"},"potentialAction":[{"@type":"SearchAction","target":{"@type":"EntryPoint","urlTemplate":"https:\/\/ead.ceneducacional.com.br\/?s={search_term_string}"},"query-input":{"@type":"PropertyValueSpecification","valueRequired":true,"valueName":"search_term_string"}}],"inLanguage":"en-US"},{"@type":"Organization","@id":"https:\/\/ead.ceneducacional.com.br\/#organization","name":"CEN Educacional","url":"https:\/\/ead.ceneducacional.com.br\/","logo":{"@type":"ImageObject","inLanguage":"en-US","@id":"https:\/\/ead.ceneducacional.com.br\/#\/schema\/logo\/image\/","url":"https:\/\/ead.ceneducacional.com.br\/wp-content\/uploads\/2022\/04\/Logo-CEN-05.svg","contentUrl":"https:\/\/ead.ceneducacional.com.br\/wp-content\/uploads\/2022\/04\/Logo-CEN-05.svg","width":4181.12,"height":1436.62,"caption":"CEN Educacional"},"image":{"@id":"https:\/\/ead.ceneducacional.com.br\/#\/schema\/logo\/image\/"}}]}},"_links":{"self":[{"href":"https:\/\/ead.ceneducacional.com.br\/en\/wp-json\/wp\/v2\/pages\/5","targetHints":{"allow":["GET"]}}],"collection":[{"href":"https:\/\/ead.ceneducacional.com.br\/en\/wp-json\/wp\/v2\/pages"}],"about":[{"href":"https:\/\/ead.ceneducacional.com.br\/en\/wp-json\/wp\/v2\/types\/page"}],"author":[{"embeddable":true,"href":"https:\/\/ead.ceneducacional.com.br\/en\/wp-json\/wp\/v2\/users\/1"}],"replies":[{"embeddable":true,"href":"https:\/\/ead.ceneducacional.com.br\/en\/wp-json\/wp\/v2\/comments?post=5"}],"version-history":[{"count":0,"href":"https:\/\/ead.ceneducacional.com.br\/en\/wp-json\/wp\/v2\/pages\/5\/revisions"}],"wp:attachment":[{"href":"https:\/\/ead.ceneducacional.com.br\/en\/wp-json\/wp\/v2\/media?parent=5"}],"curies":[{"name":"wp","href":"https:\/\/api.w.org\/{rel}","templated":true}]}}